{"id":52,"date":"2023-06-04T09:13:27","date_gmt":"2023-06-04T09:13:27","guid":{"rendered":"http:\/\/192.168.0.6\/kester\/?page_id=52"},"modified":"2025-04-15T11:58:50","modified_gmt":"2025-04-15T09:58:50","slug":"kontakt","status":"publish","type":"page","link":"https:\/\/activeteam.zmm-maxpol.pl\/en\/kontakt\/","title":{"rendered":"Kontakt"},"content":{"rendered":"\t\t<div data-elementor-type=\"wp-page\" data-elementor-id=\"52\" class=\"elementor elementor-52\">\n\t\t\t\t\t\t<section class=\"elementor-section elementor-top-section elementor-element elementor-element-2c358db elementor-section-boxed elementor-section-height-default elementor-section-height-default elementor-invisible\" data-id=\"2c358db\" data-element_type=\"section\" data-e-type=\"section\" data-settings=\"{&quot;animation&quot;:&quot;fadeIn&quot;}\">\n\t\t\t\t\t\t<div class=\"elementor-container elementor-column-gap-default\">\n\t\t\t\t\t<div class=\"elementor-column elementor-col-100 elementor-top-column elementor-element elementor-element-6bee830\" data-id=\"6bee830\" data-element_type=\"column\" data-e-type=\"column\">\n\t\t\t<div class=\"elementor-widget-wrap elementor-element-populated\">\n\t\t\t\t\t\t<section class=\"elementor-section elementor-inner-section elementor-element elementor-element-348ab84 elementor-section-boxed elementor-section-height-default elementor-section-height-default\" data-id=\"348ab84\" data-element_type=\"section\" data-e-type=\"section\">\n\t\t\t\t\t\t<div class=\"elementor-container elementor-column-gap-default\">\n\t\t\t\t\t<div class=\"elementor-column elementor-col-50 elementor-inner-column elementor-element elementor-element-5a3b614\" data-id=\"5a3b614\" data-element_type=\"column\" data-e-type=\"column\">\n\t\t\t<div class=\"elementor-widget-wrap elementor-element-populated\">\n\t\t\t\t\t\t<div class=\"elementor-element elementor-element-29367ff elementor-widget elementor-widget-rt-service-grid\" data-id=\"29367ff\" data-element_type=\"widget\" data-e-type=\"widget\" data-widget_type=\"rt-service-grid.default\">\n\t\t\t\t<div class=\"elementor-widget-container\">\n\t\t\t\t\t<div class=\"contact-area\">\r\n\t<div class=\"address-box\">\r\n\t\t<div class=\"address\">\r\n\t\t\t\t\t\t\t<div class=\"icon\">\r\n\t\t\t\t\t\t\t\t\t\t\t<i aria-hidden=\"true\" class=\"rt rt-location-dot\"><\/i>\t\t\t\t\t\t\t\t\t\t\t\t\t\t<\/div>\r\n\t\t\t\r\n\t\t\t<div class=\"content\">\r\n\t\t\t\t<h3 class=\"heading\">\r\n\t\t\t\t\t\t\t\t\t\t\tSiedziba firmy\t\t\t\t\t\t\t\t\t<\/h3>\r\n\t\t\t\t\t\t\t\t\t<p class=\"desc\"><p>Al. Leopolda Okulickiego 16C<\/p><p>35-206 Rzesz\u00f3w<\/p> <\/p>\r\n\t\t\t\t\t\t\t<\/div>\r\n\t\t<\/div>\r\n\t<\/div>\r\n<\/div>\t\t\t\t<\/div>\n\t\t\t\t<\/div>\n\t\t\t\t\t<\/div>\n\t\t<\/div>\n\t\t\t\t<div class=\"elementor-column elementor-col-50 elementor-inner-column elementor-element elementor-element-6481e57\" data-id=\"6481e57\" data-element_type=\"column\" data-e-type=\"column\">\n\t\t\t<div class=\"elementor-widget-wrap elementor-element-populated\">\n\t\t\t\t\t\t<div class=\"elementor-element elementor-element-405a688 elementor-widget elementor-widget-rt-service-grid\" data-id=\"405a688\" data-element_type=\"widget\" data-e-type=\"widget\" data-widget_type=\"rt-service-grid.default\">\n\t\t\t\t<div class=\"elementor-widget-container\">\n\t\t\t\t\t<div class=\"contact-area\">\r\n\t<div class=\"address-box\">\r\n\t\t<div class=\"address\">\r\n\t\t\t\t\t\t\t<div class=\"icon\">\r\n\t\t\t\t\t\t\t\t\t\t\t<i aria-hidden=\"true\" class=\"rt rt-phone-volume\"><\/i>\t\t\t\t\t\t\t\t\t\t\t\t\t\t<\/div>\r\n\t\t\t\r\n\t\t\t<div class=\"content\">\r\n\t\t\t\t<h3 class=\"heading\">\r\n\t\t\t\t\t\t\t\t\t\t\tTelefon\t\t\t\t\t\t\t\t\t<\/h3>\r\n\t\t\t\t\t\t\t\t\t<p class=\"desc\"><p><strong>Jakub Fory\u015b<\/strong><br \/>+48 728-819-971<\/p> <\/p>\r\n\t\t\t\t\t\t\t<\/div>\r\n\t\t<\/div>\r\n\t<\/div>\r\n<\/div>\t\t\t\t<\/div>\n\t\t\t\t<\/div>\n\t\t\t\t\t<\/div>\n\t\t<\/div>\n\t\t\t\t<div class=\"elementor-column elementor-col-50 elementor-inner-column elementor-element elementor-element-7373e6f\" data-id=\"7373e6f\" data-element_type=\"column\" data-e-type=\"column\">\n\t\t\t<div class=\"elementor-widget-wrap elementor-element-populated\">\n\t\t\t\t\t\t<div class=\"elementor-element elementor-element-46db02d elementor-widget elementor-widget-rt-service-grid\" data-id=\"46db02d\" data-element_type=\"widget\" data-e-type=\"widget\" data-widget_type=\"rt-service-grid.default\">\n\t\t\t\t<div class=\"elementor-widget-container\">\n\t\t\t\t\t<div class=\"contact-area\">\r\n\t<div class=\"address-box\">\r\n\t\t<div class=\"address\">\r\n\t\t\t\t\t\t\t<div class=\"icon\">\r\n\t\t\t\t\t\t\t\t\t\t\t<svg aria-hidden=\"true\" class=\"e-font-icon-svg e-far-envelope-open\" viewBox=\"0 0 512 512\" xmlns=\"http:\/\/www.w3.org\/2000\/svg\"><path d=\"M494.586 164.516c-4.697-3.883-111.723-89.95-135.251-108.657C337.231 38.191 299.437 0 256 0c-43.205 0-80.636 37.717-103.335 55.859-24.463 19.45-131.07 105.195-135.15 108.549A48.004 48.004 0 0 0 0 201.485V464c0 26.51 21.49 48 48 48h416c26.51 0 48-21.49 48-48V201.509a48 48 0 0 0-17.414-36.993zM464 458a6 6 0 0 1-6 6H54a6 6 0 0 1-6-6V204.347c0-1.813.816-3.526 2.226-4.665 15.87-12.814 108.793-87.554 132.364-106.293C200.755 78.88 232.398 48 256 48c23.693 0 55.857 31.369 73.41 45.389 23.573 18.741 116.503 93.493 132.366 106.316a5.99 5.99 0 0 1 2.224 4.663V458zm-31.991-187.704c4.249 5.159 3.465 12.795-1.745 16.981-28.975 23.283-59.274 47.597-70.929 56.863C336.636 362.283 299.205 400 256 400c-43.452 0-81.287-38.237-103.335-55.86-11.279-8.967-41.744-33.413-70.927-56.865-5.21-4.187-5.993-11.822-1.745-16.981l15.258-18.528c4.178-5.073 11.657-5.843 16.779-1.726 28.618 23.001 58.566 47.035 70.56 56.571C200.143 320.631 232.307 352 256 352c23.602 0 55.246-30.88 73.41-45.389 11.994-9.535 41.944-33.57 70.563-56.568 5.122-4.116 12.601-3.346 16.778 1.727l15.258 18.526z\"><\/path><\/svg>\t\t\t\t\t\t\t\t\t\t\t\t\t\t<\/div>\r\n\t\t\t\r\n\t\t\t<div class=\"content\">\r\n\t\t\t\t<h3 class=\"heading\">\r\n\t\t\t\t\t\t\t\t\t\t\tE-Mail\t\t\t\t\t\t\t\t\t<\/h3>\r\n\t\t\t\t\t\t\t\t\t<p class=\"desc\">activeteam@zmm-maxpol.pl <br> <\/p>\r\n\t\t\t\t\t\t\t<\/div>\r\n\t\t<\/div>\r\n\t<\/div>\r\n<\/div>\t\t\t\t<\/div>\n\t\t\t\t<\/div>\n\t\t\t\t\t<\/div>\n\t\t<\/div>\n\t\t\t\t\t<\/div>\n\t\t<\/section>\n\t\t\t\t\t<\/div>\n\t\t<\/div>\n\t\t\t\t\t<\/div>\n\t\t<\/section>\n\t\t<div class=\"elementor-element elementor-element-9b83cd8 e-flex e-con-boxed e-con e-parent\" data-id=\"9b83cd8\" data-element_type=\"container\" data-e-type=\"container\">\n\t\t\t\t\t<div class=\"e-con-inner\">\n\t\t\t\t<div class=\"elementor-element elementor-element-63dd5a2 elementor-widget elementor-widget-google_maps\" data-id=\"63dd5a2\" data-element_type=\"widget\" data-e-type=\"widget\" data-widget_type=\"google_maps.default\">\n\t\t\t\t<div class=\"elementor-widget-container\">\n\t\t\t\t\t\t\t<div class=\"elementor-custom-embed\">\n\t\t\t<iframe loading=\"lazy\"\n\t\t\t\t\tsrc=\"https:\/\/www.google.com\/maps\/embed\/v1\/place?key=AIzaSyCFEAMJxRt0WD3A3e7cM6BwWhChIoGddao&#038;q=Okulickiego%2016C%20Rzesz%C3%B3w&#038;zoom=15\"\n\t\t\t\t\ttitle=\"Okulickiego 16C Rzesz\u00f3w\"\n\t\t\t\t\taria-label=\"Okulickiego 16C Rzesz\u00f3w\"\n\t\t\t><\/iframe>\n\t\t<\/div>\n\t\t\t\t\t\t<\/div>\n\t\t\t\t<\/div>\n\t\t\t\t\t<\/div>\n\t\t\t\t<\/div>\n\t\t\t\t<section class=\"elementor-section elementor-top-section elementor-element elementor-element-9c3a3e8 elementor-section-boxed elementor-section-height-default elementor-section-height-default elementor-invisible\" data-id=\"9c3a3e8\" data-element_type=\"section\" data-e-type=\"section\" data-settings=\"{&quot;animation&quot;:&quot;fadeIn&quot;}\">\n\t\t\t\t\t\t<div class=\"elementor-container elementor-column-gap-default\">\n\t\t\t\t\t<div class=\"elementor-column elementor-col-100 elementor-top-column elementor-element elementor-element-df15fc3\" data-id=\"df15fc3\" data-element_type=\"column\" data-e-type=\"column\">\n\t\t\t<div class=\"elementor-widget-wrap elementor-element-populated\">\n\t\t\t\t\t\t<section class=\"elementor-section elementor-inner-section elementor-element elementor-element-276b9d3 elementor-section-boxed elementor-section-height-default elementor-section-height-default\" data-id=\"276b9d3\" data-element_type=\"section\" data-e-type=\"section\" data-settings=\"{&quot;background_background&quot;:&quot;classic&quot;}\">\n\t\t\t\t\t\t<div class=\"elementor-container elementor-column-gap-default\">\n\t\t\t\t\t<div class=\"elementor-column elementor-col-100 elementor-inner-column elementor-element elementor-element-6199aa3\" data-id=\"6199aa3\" data-element_type=\"column\" data-e-type=\"column\">\n\t\t\t<div class=\"elementor-widget-wrap elementor-element-populated\">\n\t\t\t\t\t\t<div class=\"elementor-element elementor-element-ebc9628 elementor-widget elementor-widget-image\" data-id=\"ebc9628\" data-element_type=\"widget\" data-e-type=\"widget\" data-widget_type=\"image.default\">\n\t\t\t\t<div class=\"elementor-widget-container\">\n\t\t\t\t\t\t\t\t\t\t\t\t\t\t\t<img fetchpriority=\"high\" decoding=\"async\" width=\"640\" height=\"640\" src=\"https:\/\/activeteam.zmm-maxpol.pl\/wp-content\/uploads\/sites\/2\/2024\/11\/mapka-maxpol9-1-1024x1024.jpg\" class=\"attachment-large size-large wp-image-3815\" alt=\"\" srcset=\"https:\/\/activeteam.zmm-maxpol.pl\/wp-content\/uploads\/sites\/2\/2024\/11\/mapka-maxpol9-1-1024x1024.jpg 1024w, https:\/\/activeteam.zmm-maxpol.pl\/wp-content\/uploads\/sites\/2\/2024\/11\/mapka-maxpol9-1-300x300.jpg 300w, https:\/\/activeteam.zmm-maxpol.pl\/wp-content\/uploads\/sites\/2\/2024\/11\/mapka-maxpol9-1-150x150.jpg 150w, https:\/\/activeteam.zmm-maxpol.pl\/wp-content\/uploads\/sites\/2\/2024\/11\/mapka-maxpol9-1-768x768.jpg 768w, https:\/\/activeteam.zmm-maxpol.pl\/wp-content\/uploads\/sites\/2\/2024\/11\/mapka-maxpol9-1-1536x1536.jpg 1536w, https:\/\/activeteam.zmm-maxpol.pl\/wp-content\/uploads\/sites\/2\/2024\/11\/mapka-maxpol9-1-410x410.jpg 410w, https:\/\/activeteam.zmm-maxpol.pl\/wp-content\/uploads\/sites\/2\/2024\/11\/mapka-maxpol9-1-87x87.jpg 87w, https:\/\/activeteam.zmm-maxpol.pl\/wp-content\/uploads\/sites\/2\/2024\/11\/mapka-maxpol9-1-128x128.jpg 128w, https:\/\/activeteam.zmm-maxpol.pl\/wp-content\/uploads\/sites\/2\/2024\/11\/mapka-maxpol9-1-32x32.jpg 32w, https:\/\/activeteam.zmm-maxpol.pl\/wp-content\/uploads\/sites\/2\/2024\/11\/mapka-maxpol9-1.jpg 2000w\" sizes=\"(max-width: 640px) 100vw, 640px\" \/>\t\t\t\t\t\t\t\t\t\t\t\t\t\t\t<\/div>\n\t\t\t\t<\/div>\n\t\t\t\t\t<\/div>\n\t\t<\/div>\n\t\t\t\t\t<\/div>\n\t\t<\/section>\n\t\t\t\t\t<\/div>\n\t\t<\/div>\n\t\t\t\t\t<\/div>\n\t\t<\/section>\n\t\t\t\t<\/div>\n\t\t","protected":false},"excerpt":{"rendered":"<p>Siedziba firmy Al. Leopolda Okulickiego 16C 35-206 Rzesz\u00f3w Telefon Jakub Fory\u015b+48 728-819-971 E-Mail activeteam@zmm-maxpol.pl<\/p>\n","protected":false},"author":5,"featured_media":0,"parent":0,"menu_order":0,"comment_status":"closed","ping_status":"closed","template":"","meta":{"footnotes":""},"class_list":["post-52","page","type-page","status-publish","hentry"],"yoast_head":"<!-- This site is optimized with the Yoast SEO Premium plugin v26.9 (Yoast SEO v26.9) - https:\/\/yoast.com\/product\/yoast-seo-premium-wordpress\/ -->\n<title>Kontakt<\/title>\n<meta name=\"description\" content=\"Kontakt z dru\u017cyn\u0105 ZMM Maxpol\" \/>\n<meta name=\"robots\" content=\"index, follow, max-snippet:-1, max-image-preview:large, max-video-preview:-1\" \/>\n<link rel=\"canonical\" href=\"https:\/\/activeteam.zmm-maxpol.pl\/kontakt\/\" \/>\n<meta property=\"og:locale\" content=\"en_US\" \/>\n<meta property=\"og:type\" content=\"article\" \/>\n<meta property=\"og:title\" content=\"Kontakt\" \/>\n<meta property=\"og:description\" content=\"Kontakt z dru\u017cyn\u0105 ZMM Maxpol\" \/>\n<meta property=\"og:url\" content=\"https:\/\/activeteam.zmm-maxpol.pl\/kontakt\/\" \/>\n<meta property=\"og:site_name\" content=\"ZMM MAXPOL ACTIVE TEAM RZESZ\u00d3W\" \/>\n<meta property=\"article:publisher\" content=\"https:\/\/www.facebook.com\/zmmmaxpol\" \/>\n<meta property=\"article:modified_time\" content=\"2025-04-15T09:58:50+00:00\" \/>\n<meta property=\"og:image\" content=\"http:\/\/activeteam.zmm-maxpol.pl\/wp-content\/uploads\/sites\/2\/2024\/11\/mapka-maxpol9-1-1024x1024.jpg\" \/>\n<meta name=\"twitter:card\" content=\"summary_large_image\" \/>\n<meta name=\"twitter:label1\" content=\"Est. reading time\" \/>\n\t<meta name=\"twitter:data1\" content=\"1 minute\" \/>\n<script type=\"application\/ld+json\" class=\"yoast-schema-graph\">{\"@context\":\"https:\/\/schema.org\",\"@graph\":[{\"@type\":\"WebPage\",\"@id\":\"https:\/\/activeteam.zmm-maxpol.pl\/kontakt\/\",\"url\":\"https:\/\/activeteam.zmm-maxpol.pl\/kontakt\/\",\"name\":\"[:pl]Kontakt[:] - ZMM MAXPOL ACTIVE TEAM RZESZ\u00d3W\",\"isPartOf\":{\"@id\":\"https:\/\/activeteam.zmm-maxpol.pl\/#website\"},\"primaryImageOfPage\":{\"@id\":\"https:\/\/activeteam.zmm-maxpol.pl\/kontakt\/#primaryimage\"},\"image\":{\"@id\":\"https:\/\/activeteam.zmm-maxpol.pl\/kontakt\/#primaryimage\"},\"thumbnailUrl\":\"http:\/\/activeteam.zmm-maxpol.pl\/wp-content\/uploads\/sites\/2\/2024\/11\/mapka-maxpol9-1-1024x1024.jpg\",\"datePublished\":\"2023-06-04T09:13:27+00:00\",\"dateModified\":\"2025-04-15T09:58:50+00:00\",\"description\":\"[:pl]Kontakt z dru\u017cyn\u0105 ZMM Maxpol[:]\",\"breadcrumb\":{\"@id\":\"https:\/\/activeteam.zmm-maxpol.pl\/kontakt\/#breadcrumb\"},\"inLanguage\":\"en-US\",\"potentialAction\":[{\"@type\":\"ReadAction\",\"target\":[\"https:\/\/activeteam.zmm-maxpol.pl\/kontakt\/\"]}]},{\"@type\":\"ImageObject\",\"inLanguage\":\"en-US\",\"@id\":\"https:\/\/activeteam.zmm-maxpol.pl\/kontakt\/#primaryimage\",\"url\":\"http:\/\/activeteam.zmm-maxpol.pl\/wp-content\/uploads\/sites\/2\/2024\/11\/mapka-maxpol9-1-1024x1024.jpg\",\"contentUrl\":\"http:\/\/activeteam.zmm-maxpol.pl\/wp-content\/uploads\/sites\/2\/2024\/11\/mapka-maxpol9-1-1024x1024.jpg\"},{\"@type\":\"BreadcrumbList\",\"@id\":\"https:\/\/activeteam.zmm-maxpol.pl\/kontakt\/#breadcrumb\",\"itemListElement\":[{\"@type\":\"ListItem\",\"position\":1,\"name\":\"Strona g\u0142\u00f3wna\",\"item\":\"https:\/\/activeteam.zmm-maxpol.pl\/\"},{\"@type\":\"ListItem\",\"position\":2,\"name\":\"Kontakt\"}]},{\"@type\":\"WebSite\",\"@id\":\"https:\/\/activeteam.zmm-maxpol.pl\/#website\",\"url\":\"https:\/\/activeteam.zmm-maxpol.pl\/\",\"name\":\"ZMM MAXPOL ACTIVE TEAM RZESZ\u00d3W\",\"description\":\"\",\"publisher\":{\"@id\":\"https:\/\/activeteam.zmm-maxpol.pl\/#organization\"},\"alternateName\":\"ZMM MAXPOL RZESZ\u00d3W\",\"potentialAction\":[{\"@type\":\"SearchAction\",\"target\":{\"@type\":\"EntryPoint\",\"urlTemplate\":\"https:\/\/activeteam.zmm-maxpol.pl\/?s={search_term_string}\"},\"query-input\":{\"@type\":\"PropertyValueSpecification\",\"valueRequired\":true,\"valueName\":\"search_term_string\"}}],\"inLanguage\":\"en-US\"},{\"@type\":\"Organization\",\"@id\":\"https:\/\/activeteam.zmm-maxpol.pl\/#organization\",\"name\":\"ZMM MAXPOL ACTIVE TEAM RZESZ\u00d3W\",\"url\":\"https:\/\/activeteam.zmm-maxpol.pl\/\",\"logo\":{\"@type\":\"ImageObject\",\"inLanguage\":\"en-US\",\"@id\":\"https:\/\/activeteam.zmm-maxpol.pl\/#\/schema\/logo\/image\/\",\"url\":\"https:\/\/activeteam.zmm-maxpol.pl\/wp-content\/uploads\/sites\/2\/2024\/11\/Logo3-1.png\",\"contentUrl\":\"https:\/\/activeteam.zmm-maxpol.pl\/wp-content\/uploads\/sites\/2\/2024\/11\/Logo3-1.png\",\"width\":1000,\"height\":1000,\"caption\":\"ZMM MAXPOL ACTIVE TEAM RZESZ\u00d3W\"},\"image\":{\"@id\":\"https:\/\/activeteam.zmm-maxpol.pl\/#\/schema\/logo\/image\/\"},\"sameAs\":[\"https:\/\/www.facebook.com\/zmmmaxpol\"],\"description\":\"Firmowa dru\u017cyna ZMM MAXPOL\",\"email\":\"activeteam@zmm-maxpol.pl\",\"foundingDate\":\"2019-11-01\",\"vatID\":\"PL5170383818\",\"numberOfEmployees\":{\"@type\":\"QuantitativeValue\",\"minValue\":\"201\",\"maxValue\":\"500\"}}]}<\/script>\n<!-- \/ Yoast SEO Premium plugin. -->","yoast_head_json":{"title":"[:pl]Kontakt[:] - ZMM MAXPOL ACTIVE TEAM RZESZ\u00d3W","description":"[:pl]Kontakt z dru\u017cyn\u0105 ZMM Maxpol[:]","robots":{"index":"index","follow":"follow","max-snippet":"max-snippet:-1","max-image-preview":"max-image-preview:large","max-video-preview":"max-video-preview:-1"},"canonical":"https:\/\/activeteam.zmm-maxpol.pl\/kontakt\/","og_locale":"en_US","og_type":"article","og_title":"[:pl]Kontakt[:]","og_description":"[:pl]Kontakt z dru\u017cyn\u0105 ZMM Maxpol[:]","og_url":"https:\/\/activeteam.zmm-maxpol.pl\/kontakt\/","og_site_name":"ZMM MAXPOL ACTIVE TEAM RZESZ\u00d3W","article_publisher":"https:\/\/www.facebook.com\/zmmmaxpol","article_modified_time":"2025-04-15T09:58:50+00:00","og_image":[{"url":"http:\/\/activeteam.zmm-maxpol.pl\/wp-content\/uploads\/sites\/2\/2024\/11\/mapka-maxpol9-1-1024x1024.jpg","type":"","width":"","height":""}],"twitter_card":"summary_large_image","twitter_misc":{"Est. reading time":"1 minute"},"schema":{"@context":"https:\/\/schema.org","@graph":[{"@type":"WebPage","@id":"https:\/\/activeteam.zmm-maxpol.pl\/kontakt\/","url":"https:\/\/activeteam.zmm-maxpol.pl\/kontakt\/","name":"[:pl]Kontakt[:] - ZMM MAXPOL ACTIVE TEAM RZESZ\u00d3W","isPartOf":{"@id":"https:\/\/activeteam.zmm-maxpol.pl\/#website"},"primaryImageOfPage":{"@id":"https:\/\/activeteam.zmm-maxpol.pl\/kontakt\/#primaryimage"},"image":{"@id":"https:\/\/activeteam.zmm-maxpol.pl\/kontakt\/#primaryimage"},"thumbnailUrl":"http:\/\/activeteam.zmm-maxpol.pl\/wp-content\/uploads\/sites\/2\/2024\/11\/mapka-maxpol9-1-1024x1024.jpg","datePublished":"2023-06-04T09:13:27+00:00","dateModified":"2025-04-15T09:58:50+00:00","description":"[:pl]Kontakt z dru\u017cyn\u0105 ZMM Maxpol[:]","breadcrumb":{"@id":"https:\/\/activeteam.zmm-maxpol.pl\/kontakt\/#breadcrumb"},"inLanguage":"en-US","potentialAction":[{"@type":"ReadAction","target":["https:\/\/activeteam.zmm-maxpol.pl\/kontakt\/"]}]},{"@type":"ImageObject","inLanguage":"en-US","@id":"https:\/\/activeteam.zmm-maxpol.pl\/kontakt\/#primaryimage","url":"http:\/\/activeteam.zmm-maxpol.pl\/wp-content\/uploads\/sites\/2\/2024\/11\/mapka-maxpol9-1-1024x1024.jpg","contentUrl":"http:\/\/activeteam.zmm-maxpol.pl\/wp-content\/uploads\/sites\/2\/2024\/11\/mapka-maxpol9-1-1024x1024.jpg"},{"@type":"BreadcrumbList","@id":"https:\/\/activeteam.zmm-maxpol.pl\/kontakt\/#breadcrumb","itemListElement":[{"@type":"ListItem","position":1,"name":"Strona g\u0142\u00f3wna","item":"https:\/\/activeteam.zmm-maxpol.pl\/"},{"@type":"ListItem","position":2,"name":"Kontakt"}]},{"@type":"WebSite","@id":"https:\/\/activeteam.zmm-maxpol.pl\/#website","url":"https:\/\/activeteam.zmm-maxpol.pl\/","name":"ZMM MAXPOL ACTIVE TEAM RZESZ\u00d3W","description":"","publisher":{"@id":"https:\/\/activeteam.zmm-maxpol.pl\/#organization"},"alternateName":"ZMM MAXPOL RZESZ\u00d3W","potentialAction":[{"@type":"SearchAction","target":{"@type":"EntryPoint","urlTemplate":"https:\/\/activeteam.zmm-maxpol.pl\/?s={search_term_string}"},"query-input":{"@type":"PropertyValueSpecification","valueRequired":true,"valueName":"search_term_string"}}],"inLanguage":"en-US"},{"@type":"Organization","@id":"https:\/\/activeteam.zmm-maxpol.pl\/#organization","name":"ZMM MAXPOL ACTIVE TEAM RZESZ\u00d3W","url":"https:\/\/activeteam.zmm-maxpol.pl\/","logo":{"@type":"ImageObject","inLanguage":"en-US","@id":"https:\/\/activeteam.zmm-maxpol.pl\/#\/schema\/logo\/image\/","url":"https:\/\/activeteam.zmm-maxpol.pl\/wp-content\/uploads\/sites\/2\/2024\/11\/Logo3-1.png","contentUrl":"https:\/\/activeteam.zmm-maxpol.pl\/wp-content\/uploads\/sites\/2\/2024\/11\/Logo3-1.png","width":1000,"height":1000,"caption":"ZMM MAXPOL ACTIVE TEAM RZESZ\u00d3W"},"image":{"@id":"https:\/\/activeteam.zmm-maxpol.pl\/#\/schema\/logo\/image\/"},"sameAs":["https:\/\/www.facebook.com\/zmmmaxpol"],"description":"Firmowa dru\u017cyna ZMM MAXPOL","email":"activeteam@zmm-maxpol.pl","foundingDate":"2019-11-01","vatID":"PL5170383818","numberOfEmployees":{"@type":"QuantitativeValue","minValue":"201","maxValue":"500"}}]}},"_links":{"self":[{"href":"https:\/\/activeteam.zmm-maxpol.pl\/en\/wp-json\/wp\/v2\/pages\/52","targetHints":{"allow":["GET"]}}],"collection":[{"href":"https:\/\/activeteam.zmm-maxpol.pl\/en\/wp-json\/wp\/v2\/pages"}],"about":[{"href":"https:\/\/activeteam.zmm-maxpol.pl\/en\/wp-json\/wp\/v2\/types\/page"}],"author":[{"embeddable":true,"href":"https:\/\/activeteam.zmm-maxpol.pl\/en\/wp-json\/wp\/v2\/users\/5"}],"replies":[{"embeddable":true,"href":"https:\/\/activeteam.zmm-maxpol.pl\/en\/wp-json\/wp\/v2\/comments?post=52"}],"version-history":[{"count":0,"href":"https:\/\/activeteam.zmm-maxpol.pl\/en\/wp-json\/wp\/v2\/pages\/52\/revisions"}],"wp:attachment":[{"href":"https:\/\/activeteam.zmm-maxpol.pl\/en\/wp-json\/wp\/v2\/media?parent=52"}],"curies":[{"name":"wp","href":"https:\/\/api.w.org\/{rel}","templated":true}]}}