{"id":4405,"date":"2025-03-14T08:22:25","date_gmt":"2025-03-14T07:22:25","guid":{"rendered":"https:\/\/activeteam.zmm-maxpol.pl\/?page_id=4405"},"modified":"2025-03-21T13:55:37","modified_gmt":"2025-03-21T12:55:37","slug":"sekcje","status":"publish","type":"page","link":"https:\/\/activeteam.zmm-maxpol.pl\/en\/sekcje\/","title":{"rendered":"Sekcje"},"content":{"rendered":"\t\t<div data-elementor-type=\"wp-page\" data-elementor-id=\"4405\" class=\"elementor elementor-4405\">\n\t\t\t\t<div class=\"elementor-element elementor-element-d206fc7 e-flex e-con-boxed elementor-invisible e-con e-parent\" data-id=\"d206fc7\" data-element_type=\"container\" data-e-type=\"container\" data-settings=\"{&quot;animation&quot;:&quot;fadeIn&quot;}\">\n\t\t\t\t\t<div class=\"e-con-inner\">\n\t\t\t\t<div class=\"elementor-element elementor-element-22c2d43 elementor-widget elementor-widget-heading\" data-id=\"22c2d43\" data-element_type=\"widget\" data-e-type=\"widget\" data-widget_type=\"heading.default\">\n\t\t\t\t<div class=\"elementor-widget-container\">\n\t\t\t\t\t<h1 class=\"elementor-heading-title elementor-size-default\">Nasze sekcje sportowe<\/h1>\t\t\t\t<\/div>\n\t\t\t\t<\/div>\n\t\t<div class=\"elementor-element elementor-element-7c93d8d e-grid e-con-full e-con e-child\" data-id=\"7c93d8d\" data-element_type=\"container\" data-e-type=\"container\" data-settings=\"{&quot;animation_delay&quot;:50,&quot;animation&quot;:&quot;none&quot;}\">\n\t\t<div class=\"elementor-element elementor-element-c1954b1 e-con-full e-flex e-con e-child\" data-id=\"c1954b1\" data-element_type=\"container\" data-e-type=\"container\" data-settings=\"{&quot;background_background&quot;:&quot;classic&quot;}\">\n\t\t\t\t<div class=\"elementor-element elementor-element-216a8f3 elementor-widget elementor-widget-image\" data-id=\"216a8f3\" data-element_type=\"widget\" data-e-type=\"widget\" data-widget_type=\"image.default\">\n\t\t\t\t<div class=\"elementor-widget-container\">\n\t\t\t\t\t\t\t\t\t\t\t\t\t\t\t\t<a href=\"https:\/\/activeteam.zmm-maxpol.pl\/odruzynie\/\">\n\t\t\t\t\t\t\t<img fetchpriority=\"high\" decoding=\"async\" width=\"640\" height=\"416\" src=\"https:\/\/activeteam.zmm-maxpol.pl\/wp-content\/uploads\/sites\/2\/2025\/03\/AdobeStock_190045563-1024x666.jpg\" class=\"elementor-animation-shrink attachment-large size-large wp-image-4427\" alt=\"futsal\" srcset=\"https:\/\/activeteam.zmm-maxpol.pl\/wp-content\/uploads\/sites\/2\/2025\/03\/AdobeStock_190045563-1024x666.jpg 1024w, https:\/\/activeteam.zmm-maxpol.pl\/wp-content\/uploads\/sites\/2\/2025\/03\/AdobeStock_190045563-300x195.jpg 300w, https:\/\/activeteam.zmm-maxpol.pl\/wp-content\/uploads\/sites\/2\/2025\/03\/AdobeStock_190045563-768x500.jpg 768w, https:\/\/activeteam.zmm-maxpol.pl\/wp-content\/uploads\/sites\/2\/2025\/03\/AdobeStock_190045563-1536x999.jpg 1536w, https:\/\/activeteam.zmm-maxpol.pl\/wp-content\/uploads\/sites\/2\/2025\/03\/AdobeStock_190045563-128x83.jpg 128w, https:\/\/activeteam.zmm-maxpol.pl\/wp-content\/uploads\/sites\/2\/2025\/03\/AdobeStock_190045563-32x21.jpg 32w, https:\/\/activeteam.zmm-maxpol.pl\/wp-content\/uploads\/sites\/2\/2025\/03\/AdobeStock_190045563.jpg 2000w\" sizes=\"(max-width: 640px) 100vw, 640px\" \/>\t\t\t\t\t\t\t\t<\/a>\n\t\t\t\t\t\t\t\t\t\t\t\t\t\t\t<\/div>\n\t\t\t\t<\/div>\n\t\t\t\t<div class=\"elementor-element elementor-element-a4958a8 elementor-widget elementor-widget-heading\" data-id=\"a4958a8\" data-element_type=\"widget\" data-e-type=\"widget\" data-widget_type=\"heading.default\">\n\t\t\t\t<div class=\"elementor-widget-container\">\n\t\t\t\t\t<h3 class=\"elementor-heading-title elementor-size-default\"><a href=\"https:\/\/activeteam.zmm-maxpol.pl\/odruzynie\/\">Futsal<\/a><\/h3>\t\t\t\t<\/div>\n\t\t\t\t<\/div>\n\t\t\t\t<div class=\"elementor-element elementor-element-0521d30 elementor-widget-divider--view-line elementor-widget elementor-widget-divider\" data-id=\"0521d30\" data-element_type=\"widget\" data-e-type=\"widget\" data-widget_type=\"divider.default\">\n\t\t\t\t<div class=\"elementor-widget-container\">\n\t\t\t\t\t\t\t<div class=\"elementor-divider\">\n\t\t\t<span class=\"elementor-divider-separator\">\n\t\t\t\t\t\t<\/span>\n\t\t<\/div>\n\t\t\t\t\t\t<\/div>\n\t\t\t\t<\/div>\n\t\t\t\t<\/div>\n\t\t<div class=\"elementor-element elementor-element-edc9c23 e-con-full e-flex e-con e-child\" data-id=\"edc9c23\" data-element_type=\"container\" data-e-type=\"container\" data-settings=\"{&quot;background_background&quot;:&quot;classic&quot;}\">\n\t\t\t\t<div class=\"elementor-element elementor-element-3fee0e7 elementor-widget elementor-widget-image\" data-id=\"3fee0e7\" data-element_type=\"widget\" data-e-type=\"widget\" data-widget_type=\"image.default\">\n\t\t\t\t<div class=\"elementor-widget-container\">\n\t\t\t\t\t\t\t\t\t\t\t\t\t\t\t\t<a href=\"https:\/\/activeteam.zmm-maxpol.pl\/bieganie\/\">\n\t\t\t\t\t\t\t<img decoding=\"async\" width=\"640\" height=\"426\" src=\"https:\/\/activeteam.zmm-maxpol.pl\/wp-content\/uploads\/sites\/2\/2025\/03\/bieganie-2-1024x682.jpg\" class=\"elementor-animation-shrink attachment-large size-large wp-image-4429\" alt=\"\" srcset=\"https:\/\/activeteam.zmm-maxpol.pl\/wp-content\/uploads\/sites\/2\/2025\/03\/bieganie-2-1024x682.jpg 1024w, https:\/\/activeteam.zmm-maxpol.pl\/wp-content\/uploads\/sites\/2\/2025\/03\/bieganie-2-300x200.jpg 300w, https:\/\/activeteam.zmm-maxpol.pl\/wp-content\/uploads\/sites\/2\/2025\/03\/bieganie-2-768x512.jpg 768w, https:\/\/activeteam.zmm-maxpol.pl\/wp-content\/uploads\/sites\/2\/2025\/03\/bieganie-2-1536x1024.jpg 1536w, https:\/\/activeteam.zmm-maxpol.pl\/wp-content\/uploads\/sites\/2\/2025\/03\/bieganie-2-128x85.jpg 128w, https:\/\/activeteam.zmm-maxpol.pl\/wp-content\/uploads\/sites\/2\/2025\/03\/bieganie-2-32x21.jpg 32w, https:\/\/activeteam.zmm-maxpol.pl\/wp-content\/uploads\/sites\/2\/2025\/03\/bieganie-2.jpg 2000w\" sizes=\"(max-width: 640px) 100vw, 640px\" \/>\t\t\t\t\t\t\t\t<\/a>\n\t\t\t\t\t\t\t\t\t\t\t\t\t\t\t<\/div>\n\t\t\t\t<\/div>\n\t\t\t\t<div class=\"elementor-element elementor-element-abd8fef elementor-widget elementor-widget-heading\" data-id=\"abd8fef\" data-element_type=\"widget\" data-e-type=\"widget\" data-widget_type=\"heading.default\">\n\t\t\t\t<div class=\"elementor-widget-container\">\n\t\t\t\t\t<h3 class=\"elementor-heading-title elementor-size-default\"><a href=\"https:\/\/activeteam.zmm-maxpol.pl\/bieganie\/\">Bieganie<\/a><\/h3>\t\t\t\t<\/div>\n\t\t\t\t<\/div>\n\t\t\t\t<div class=\"elementor-element elementor-element-b21e264 elementor-widget-divider--view-line elementor-widget elementor-widget-divider\" data-id=\"b21e264\" data-element_type=\"widget\" data-e-type=\"widget\" data-widget_type=\"divider.default\">\n\t\t\t\t<div class=\"elementor-widget-container\">\n\t\t\t\t\t\t\t<div class=\"elementor-divider\">\n\t\t\t<span class=\"elementor-divider-separator\">\n\t\t\t\t\t\t<\/span>\n\t\t<\/div>\n\t\t\t\t\t\t<\/div>\n\t\t\t\t<\/div>\n\t\t\t\t<\/div>\n\t\t<div class=\"elementor-element elementor-element-265ecd0 e-con-full e-flex e-con e-child\" data-id=\"265ecd0\" data-element_type=\"container\" data-e-type=\"container\" data-settings=\"{&quot;background_background&quot;:&quot;classic&quot;}\">\n\t\t\t\t<div class=\"elementor-element elementor-element-3dc4683 elementor-widget elementor-widget-image\" data-id=\"3dc4683\" data-element_type=\"widget\" data-e-type=\"widget\" data-widget_type=\"image.default\">\n\t\t\t\t<div class=\"elementor-widget-container\">\n\t\t\t\t\t\t\t\t\t\t\t\t\t\t\t<img decoding=\"async\" width=\"640\" height=\"426\" src=\"https:\/\/activeteam.zmm-maxpol.pl\/wp-content\/uploads\/sites\/2\/2025\/03\/AdobeStock_214566465-1024x682.jpg\" class=\"attachment-large size-large wp-image-4425\" alt=\"sporty walki\" srcset=\"https:\/\/activeteam.zmm-maxpol.pl\/wp-content\/uploads\/sites\/2\/2025\/03\/AdobeStock_214566465-1024x682.jpg 1024w, https:\/\/activeteam.zmm-maxpol.pl\/wp-content\/uploads\/sites\/2\/2025\/03\/AdobeStock_214566465-300x200.jpg 300w, https:\/\/activeteam.zmm-maxpol.pl\/wp-content\/uploads\/sites\/2\/2025\/03\/AdobeStock_214566465-768x512.jpg 768w, https:\/\/activeteam.zmm-maxpol.pl\/wp-content\/uploads\/sites\/2\/2025\/03\/AdobeStock_214566465-1536x1024.jpg 1536w, https:\/\/activeteam.zmm-maxpol.pl\/wp-content\/uploads\/sites\/2\/2025\/03\/AdobeStock_214566465-128x85.jpg 128w, https:\/\/activeteam.zmm-maxpol.pl\/wp-content\/uploads\/sites\/2\/2025\/03\/AdobeStock_214566465-32x21.jpg 32w, https:\/\/activeteam.zmm-maxpol.pl\/wp-content\/uploads\/sites\/2\/2025\/03\/AdobeStock_214566465.jpg 2000w\" sizes=\"(max-width: 640px) 100vw, 640px\" \/>\t\t\t\t\t\t\t\t\t\t\t\t\t\t\t<\/div>\n\t\t\t\t<\/div>\n\t\t\t\t<div class=\"elementor-element elementor-element-1cb57a0 elementor-widget elementor-widget-heading\" data-id=\"1cb57a0\" data-element_type=\"widget\" data-e-type=\"widget\" data-widget_type=\"heading.default\">\n\t\t\t\t<div class=\"elementor-widget-container\">\n\t\t\t\t\t<h3 class=\"elementor-heading-title elementor-size-default\">Sporty walki<\/h3>\t\t\t\t<\/div>\n\t\t\t\t<\/div>\n\t\t\t\t<div class=\"elementor-element elementor-element-ea93fb9 elementor-widget-divider--view-line elementor-widget elementor-widget-divider\" data-id=\"ea93fb9\" data-element_type=\"widget\" data-e-type=\"widget\" data-widget_type=\"divider.default\">\n\t\t\t\t<div class=\"elementor-widget-container\">\n\t\t\t\t\t\t\t<div class=\"elementor-divider\">\n\t\t\t<span class=\"elementor-divider-separator\">\n\t\t\t\t\t\t<\/span>\n\t\t<\/div>\n\t\t\t\t\t\t<\/div>\n\t\t\t\t<\/div>\n\t\t\t\t<\/div>\n\t\t<div class=\"elementor-element elementor-element-e6638bf e-con-full e-flex e-con e-child\" data-id=\"e6638bf\" data-element_type=\"container\" data-e-type=\"container\" data-settings=\"{&quot;background_background&quot;:&quot;classic&quot;}\">\n\t\t\t\t<div class=\"elementor-element elementor-element-018c98a elementor-widget elementor-widget-image\" data-id=\"018c98a\" data-element_type=\"widget\" data-e-type=\"widget\" data-widget_type=\"image.default\">\n\t\t\t\t<div class=\"elementor-widget-container\">\n\t\t\t\t\t\t\t\t\t\t\t\t\t\t\t<img loading=\"lazy\" decoding=\"async\" width=\"640\" height=\"403\" src=\"https:\/\/activeteam.zmm-maxpol.pl\/wp-content\/uploads\/sites\/2\/2025\/03\/motosporty-1024x645.jpg\" class=\"attachment-large size-large wp-image-4430\" alt=\"\" srcset=\"https:\/\/activeteam.zmm-maxpol.pl\/wp-content\/uploads\/sites\/2\/2025\/03\/motosporty-1024x645.jpg 1024w, https:\/\/activeteam.zmm-maxpol.pl\/wp-content\/uploads\/sites\/2\/2025\/03\/motosporty-300x189.jpg 300w, https:\/\/activeteam.zmm-maxpol.pl\/wp-content\/uploads\/sites\/2\/2025\/03\/motosporty-768x483.jpg 768w, https:\/\/activeteam.zmm-maxpol.pl\/wp-content\/uploads\/sites\/2\/2025\/03\/motosporty-1536x967.jpg 1536w, https:\/\/activeteam.zmm-maxpol.pl\/wp-content\/uploads\/sites\/2\/2025\/03\/motosporty-128x81.jpg 128w, https:\/\/activeteam.zmm-maxpol.pl\/wp-content\/uploads\/sites\/2\/2025\/03\/motosporty-32x20.jpg 32w, https:\/\/activeteam.zmm-maxpol.pl\/wp-content\/uploads\/sites\/2\/2025\/03\/motosporty.jpg 2000w\" sizes=\"(max-width: 640px) 100vw, 640px\" \/>\t\t\t\t\t\t\t\t\t\t\t\t\t\t\t<\/div>\n\t\t\t\t<\/div>\n\t\t\t\t<div class=\"elementor-element elementor-element-1bc75bf elementor-widget elementor-widget-heading\" data-id=\"1bc75bf\" data-element_type=\"widget\" data-e-type=\"widget\" data-widget_type=\"heading.default\">\n\t\t\t\t<div class=\"elementor-widget-container\">\n\t\t\t\t\t<h3 class=\"elementor-heading-title elementor-size-default\">Motosporty<\/h3>\t\t\t\t<\/div>\n\t\t\t\t<\/div>\n\t\t\t\t<div class=\"elementor-element elementor-element-ab4cdd6 elementor-widget-divider--view-line elementor-widget elementor-widget-divider\" data-id=\"ab4cdd6\" data-element_type=\"widget\" data-e-type=\"widget\" data-widget_type=\"divider.default\">\n\t\t\t\t<div class=\"elementor-widget-container\">\n\t\t\t\t\t\t\t<div class=\"elementor-divider\">\n\t\t\t<span class=\"elementor-divider-separator\">\n\t\t\t\t\t\t<\/span>\n\t\t<\/div>\n\t\t\t\t\t\t<\/div>\n\t\t\t\t<\/div>\n\t\t\t\t<\/div>\n\t\t<div class=\"elementor-element elementor-element-4a8ebde e-con-full e-flex e-con e-child\" data-id=\"4a8ebde\" data-element_type=\"container\" data-e-type=\"container\" data-settings=\"{&quot;background_background&quot;:&quot;classic&quot;}\">\n\t\t\t\t<div class=\"elementor-element elementor-element-1aedce1 elementor-widget elementor-widget-image\" data-id=\"1aedce1\" data-element_type=\"widget\" data-e-type=\"widget\" data-widget_type=\"image.default\">\n\t\t\t\t<div class=\"elementor-widget-container\">\n\t\t\t\t\t\t\t\t\t\t\t\t\t\t\t<img loading=\"lazy\" decoding=\"async\" width=\"640\" height=\"428\" src=\"https:\/\/activeteam.zmm-maxpol.pl\/wp-content\/uploads\/sites\/2\/2025\/03\/kregle-1024x684.jpg\" class=\"attachment-large size-large wp-image-4453\" alt=\"\" srcset=\"https:\/\/activeteam.zmm-maxpol.pl\/wp-content\/uploads\/sites\/2\/2025\/03\/kregle-1024x684.jpg 1024w, https:\/\/activeteam.zmm-maxpol.pl\/wp-content\/uploads\/sites\/2\/2025\/03\/kregle-300x200.jpg 300w, https:\/\/activeteam.zmm-maxpol.pl\/wp-content\/uploads\/sites\/2\/2025\/03\/kregle-768x513.jpg 768w, https:\/\/activeteam.zmm-maxpol.pl\/wp-content\/uploads\/sites\/2\/2025\/03\/kregle-1536x1025.jpg 1536w, https:\/\/activeteam.zmm-maxpol.pl\/wp-content\/uploads\/sites\/2\/2025\/03\/kregle-128x85.jpg 128w, https:\/\/activeteam.zmm-maxpol.pl\/wp-content\/uploads\/sites\/2\/2025\/03\/kregle-32x21.jpg 32w, https:\/\/activeteam.zmm-maxpol.pl\/wp-content\/uploads\/sites\/2\/2025\/03\/kregle.jpg 2000w\" sizes=\"(max-width: 640px) 100vw, 640px\" \/>\t\t\t\t\t\t\t\t\t\t\t\t\t\t\t<\/div>\n\t\t\t\t<\/div>\n\t\t\t\t<div class=\"elementor-element elementor-element-94c9c98 elementor-widget elementor-widget-heading\" data-id=\"94c9c98\" data-element_type=\"widget\" data-e-type=\"widget\" data-widget_type=\"heading.default\">\n\t\t\t\t<div class=\"elementor-widget-container\">\n\t\t\t\t\t<h3 class=\"elementor-heading-title elementor-size-default\">Kr\u0119gle<\/h3>\t\t\t\t<\/div>\n\t\t\t\t<\/div>\n\t\t\t\t<div class=\"elementor-element elementor-element-be3e706 elementor-widget-divider--view-line elementor-widget elementor-widget-divider\" data-id=\"be3e706\" data-element_type=\"widget\" data-e-type=\"widget\" data-widget_type=\"divider.default\">\n\t\t\t\t<div class=\"elementor-widget-container\">\n\t\t\t\t\t\t\t<div class=\"elementor-divider\">\n\t\t\t<span class=\"elementor-divider-separator\">\n\t\t\t\t\t\t<\/span>\n\t\t<\/div>\n\t\t\t\t\t\t<\/div>\n\t\t\t\t<\/div>\n\t\t\t\t<\/div>\n\t\t\t\t<div class=\"elementor-element elementor-element-d874c7e elementor-widget elementor-widget-heading\" data-id=\"d874c7e\" data-element_type=\"widget\" data-e-type=\"widget\" data-widget_type=\"heading.default\">\n\t\t\t\t<div class=\"elementor-widget-container\">\n\t\t\t\t\t<h3 class=\"elementor-heading-title elementor-size-default\">Wi\u0119cej sekcji <br>\nwkr\u00f3tce!<\/h3>\t\t\t\t<\/div>\n\t\t\t\t<\/div>\n\t\t\t\t<\/div>\n\t\t<div class=\"elementor-element elementor-element-52dcc23 e-con-full e-flex e-con e-child\" data-id=\"52dcc23\" data-element_type=\"container\" data-e-type=\"container\">\n\t\t\t\t<div class=\"elementor-element elementor-element-d690c45 elementor-widget elementor-widget-react-button\" data-id=\"d690c45\" data-element_type=\"widget\" data-e-type=\"widget\" data-widget_type=\"react-button.default\">\n\t\t\t\t<div class=\"elementor-widget-container\">\n\t\t\t\t\t\t\r\n\t\t\r\n\t\t<div class=\"react-button primary_btn\">\r\n\t\t\t\t\t\t<a class=\"react_button\" href=\"https:\/\/activeteam.zmm-maxpol.pl\/kontakt\/\" >\t\t\t\t\r\n\t\t\t\r\n\t\t\t\t\r\n\t\t\t<span class=\"btn_text\">Zapisz si\u0119 ju\u017c teraz<\/span>\r\n\t\t\t\t\t\t\t\t\t<i aria-hidden=\"true\" class=\"rt rt-arrow-right-regular\"><\/i>\t\t\t\t\r\n\t\t\t\t\t\t\t<\/a>\r\n\t\t<\/div>    \r\n\t\t\t\t\t<\/div>\n\t\t\t\t<\/div>\n\t\t\t\t<\/div>\n\t\t\t\t\t<\/div>\n\t\t\t\t<\/div>\n\t\t\t\t<\/div>\n\t\t","protected":false},"excerpt":{"rendered":"<p>Nasze sekcje sportowe Futsal Bieganie Sporty walki Motosporty Kr\u0119gle Wi\u0119cej sekcji wkr\u00f3tce! Zapisz si\u0119 ju\u017c teraz<\/p>\n","protected":false},"author":6,"featured_media":0,"parent":0,"menu_order":0,"comment_status":"closed","ping_status":"closed","template":"","meta":{"footnotes":""},"class_list":["post-4405","page","type-page","status-publish","hentry"],"yoast_head":"<!-- This site is optimized with the Yoast SEO Premium plugin v26.9 (Yoast SEO v26.9) - https:\/\/yoast.com\/product\/yoast-seo-premium-wordpress\/ -->\n<title>Sekcje<\/title>\n<meta name=\"robots\" content=\"index, follow, max-snippet:-1, max-image-preview:large, max-video-preview:-1\" \/>\n<link rel=\"canonical\" href=\"https:\/\/activeteam.zmm-maxpol.pl\/sekcje\/\" \/>\n<meta property=\"og:locale\" content=\"en_US\" \/>\n<meta property=\"og:type\" content=\"article\" \/>\n<meta property=\"og:title\" content=\"Sekcje\" \/>\n<meta property=\"og:description\" content=\"Nasze sekcje sportowe Futsal Bieganie Sporty walki Motosporty Kr\u0119gle Wi\u0119cej sekcji wkr\u00f3tce! Zapisz si\u0119 ju\u017c teraz\" \/>\n<meta property=\"og:url\" content=\"https:\/\/activeteam.zmm-maxpol.pl\/sekcje\/\" \/>\n<meta property=\"og:site_name\" content=\"ZMM MAXPOL ACTIVE TEAM RZESZ\u00d3W\" \/>\n<meta property=\"article:publisher\" content=\"https:\/\/www.facebook.com\/zmmmaxpol\" \/>\n<meta property=\"article:modified_time\" content=\"2025-03-21T12:55:37+00:00\" \/>\n<meta property=\"og:image\" content=\"http:\/\/activeteam.zmm-maxpol.pl\/wp-content\/uploads\/sites\/2\/2025\/03\/AdobeStock_190045563-1024x666.jpg\" \/>\n<meta name=\"twitter:card\" content=\"summary_large_image\" \/>\n<meta name=\"twitter:label1\" content=\"Est. reading time\" \/>\n\t<meta name=\"twitter:data1\" content=\"2 minutes\" \/>\n<script type=\"application\/ld+json\" class=\"yoast-schema-graph\">{\"@context\":\"https:\/\/schema.org\",\"@graph\":[{\"@type\":\"WebPage\",\"@id\":\"https:\/\/activeteam.zmm-maxpol.pl\/sekcje\/\",\"url\":\"https:\/\/activeteam.zmm-maxpol.pl\/sekcje\/\",\"name\":\"[:pl]Sekcje[:] - ZMM MAXPOL ACTIVE TEAM RZESZ\u00d3W\",\"isPartOf\":{\"@id\":\"https:\/\/activeteam.zmm-maxpol.pl\/#website\"},\"primaryImageOfPage\":{\"@id\":\"https:\/\/activeteam.zmm-maxpol.pl\/sekcje\/#primaryimage\"},\"image\":{\"@id\":\"https:\/\/activeteam.zmm-maxpol.pl\/sekcje\/#primaryimage\"},\"thumbnailUrl\":\"http:\/\/activeteam.zmm-maxpol.pl\/wp-content\/uploads\/sites\/2\/2025\/03\/AdobeStock_190045563-1024x666.jpg\",\"datePublished\":\"2025-03-14T07:22:25+00:00\",\"dateModified\":\"2025-03-21T12:55:37+00:00\",\"breadcrumb\":{\"@id\":\"https:\/\/activeteam.zmm-maxpol.pl\/sekcje\/#breadcrumb\"},\"inLanguage\":\"en-US\",\"potentialAction\":[{\"@type\":\"ReadAction\",\"target\":[\"https:\/\/activeteam.zmm-maxpol.pl\/sekcje\/\"]}]},{\"@type\":\"ImageObject\",\"inLanguage\":\"en-US\",\"@id\":\"https:\/\/activeteam.zmm-maxpol.pl\/sekcje\/#primaryimage\",\"url\":\"http:\/\/activeteam.zmm-maxpol.pl\/wp-content\/uploads\/sites\/2\/2025\/03\/AdobeStock_190045563-1024x666.jpg\",\"contentUrl\":\"http:\/\/activeteam.zmm-maxpol.pl\/wp-content\/uploads\/sites\/2\/2025\/03\/AdobeStock_190045563-1024x666.jpg\"},{\"@type\":\"BreadcrumbList\",\"@id\":\"https:\/\/activeteam.zmm-maxpol.pl\/sekcje\/#breadcrumb\",\"itemListElement\":[{\"@type\":\"ListItem\",\"position\":1,\"name\":\"Strona g\u0142\u00f3wna\",\"item\":\"https:\/\/activeteam.zmm-maxpol.pl\/\"},{\"@type\":\"ListItem\",\"position\":2,\"name\":\"Sekcje\"}]},{\"@type\":\"WebSite\",\"@id\":\"https:\/\/activeteam.zmm-maxpol.pl\/#website\",\"url\":\"https:\/\/activeteam.zmm-maxpol.pl\/\",\"name\":\"ZMM MAXPOL ACTIVE TEAM RZESZ\u00d3W\",\"description\":\"\",\"publisher\":{\"@id\":\"https:\/\/activeteam.zmm-maxpol.pl\/#organization\"},\"alternateName\":\"ZMM MAXPOL RZESZ\u00d3W\",\"potentialAction\":[{\"@type\":\"SearchAction\",\"target\":{\"@type\":\"EntryPoint\",\"urlTemplate\":\"https:\/\/activeteam.zmm-maxpol.pl\/?s={search_term_string}\"},\"query-input\":{\"@type\":\"PropertyValueSpecification\",\"valueRequired\":true,\"valueName\":\"search_term_string\"}}],\"inLanguage\":\"en-US\"},{\"@type\":\"Organization\",\"@id\":\"https:\/\/activeteam.zmm-maxpol.pl\/#organization\",\"name\":\"ZMM MAXPOL ACTIVE TEAM RZESZ\u00d3W\",\"url\":\"https:\/\/activeteam.zmm-maxpol.pl\/\",\"logo\":{\"@type\":\"ImageObject\",\"inLanguage\":\"en-US\",\"@id\":\"https:\/\/activeteam.zmm-maxpol.pl\/#\/schema\/logo\/image\/\",\"url\":\"https:\/\/activeteam.zmm-maxpol.pl\/wp-content\/uploads\/sites\/2\/2024\/11\/Logo3-1.png\",\"contentUrl\":\"https:\/\/activeteam.zmm-maxpol.pl\/wp-content\/uploads\/sites\/2\/2024\/11\/Logo3-1.png\",\"width\":1000,\"height\":1000,\"caption\":\"ZMM MAXPOL ACTIVE TEAM RZESZ\u00d3W\"},\"image\":{\"@id\":\"https:\/\/activeteam.zmm-maxpol.pl\/#\/schema\/logo\/image\/\"},\"sameAs\":[\"https:\/\/www.facebook.com\/zmmmaxpol\"],\"description\":\"Firmowa dru\u017cyna ZMM MAXPOL\",\"email\":\"activeteam@zmm-maxpol.pl\",\"foundingDate\":\"2019-11-01\",\"vatID\":\"PL5170383818\",\"numberOfEmployees\":{\"@type\":\"QuantitativeValue\",\"minValue\":\"201\",\"maxValue\":\"500\"}}]}<\/script>\n<!-- \/ Yoast SEO Premium plugin. -->","yoast_head_json":{"title":"[:pl]Sekcje[:] - ZMM MAXPOL ACTIVE TEAM RZESZ\u00d3W","robots":{"index":"index","follow":"follow","max-snippet":"max-snippet:-1","max-image-preview":"max-image-preview:large","max-video-preview":"max-video-preview:-1"},"canonical":"https:\/\/activeteam.zmm-maxpol.pl\/sekcje\/","og_locale":"en_US","og_type":"article","og_title":"[:pl]Sekcje[:]","og_description":"Nasze sekcje sportowe Futsal Bieganie Sporty walki Motosporty Kr\u0119gle Wi\u0119cej sekcji wkr\u00f3tce! Zapisz si\u0119 ju\u017c teraz","og_url":"https:\/\/activeteam.zmm-maxpol.pl\/sekcje\/","og_site_name":"ZMM MAXPOL ACTIVE TEAM RZESZ\u00d3W","article_publisher":"https:\/\/www.facebook.com\/zmmmaxpol","article_modified_time":"2025-03-21T12:55:37+00:00","og_image":[{"url":"http:\/\/activeteam.zmm-maxpol.pl\/wp-content\/uploads\/sites\/2\/2025\/03\/AdobeStock_190045563-1024x666.jpg","type":"","width":"","height":""}],"twitter_card":"summary_large_image","twitter_misc":{"Est. reading time":"2 minutes"},"schema":{"@context":"https:\/\/schema.org","@graph":[{"@type":"WebPage","@id":"https:\/\/activeteam.zmm-maxpol.pl\/sekcje\/","url":"https:\/\/activeteam.zmm-maxpol.pl\/sekcje\/","name":"[:pl]Sekcje[:] - ZMM MAXPOL ACTIVE TEAM RZESZ\u00d3W","isPartOf":{"@id":"https:\/\/activeteam.zmm-maxpol.pl\/#website"},"primaryImageOfPage":{"@id":"https:\/\/activeteam.zmm-maxpol.pl\/sekcje\/#primaryimage"},"image":{"@id":"https:\/\/activeteam.zmm-maxpol.pl\/sekcje\/#primaryimage"},"thumbnailUrl":"http:\/\/activeteam.zmm-maxpol.pl\/wp-content\/uploads\/sites\/2\/2025\/03\/AdobeStock_190045563-1024x666.jpg","datePublished":"2025-03-14T07:22:25+00:00","dateModified":"2025-03-21T12:55:37+00:00","breadcrumb":{"@id":"https:\/\/activeteam.zmm-maxpol.pl\/sekcje\/#breadcrumb"},"inLanguage":"en-US","potentialAction":[{"@type":"ReadAction","target":["https:\/\/activeteam.zmm-maxpol.pl\/sekcje\/"]}]},{"@type":"ImageObject","inLanguage":"en-US","@id":"https:\/\/activeteam.zmm-maxpol.pl\/sekcje\/#primaryimage","url":"http:\/\/activeteam.zmm-maxpol.pl\/wp-content\/uploads\/sites\/2\/2025\/03\/AdobeStock_190045563-1024x666.jpg","contentUrl":"http:\/\/activeteam.zmm-maxpol.pl\/wp-content\/uploads\/sites\/2\/2025\/03\/AdobeStock_190045563-1024x666.jpg"},{"@type":"BreadcrumbList","@id":"https:\/\/activeteam.zmm-maxpol.pl\/sekcje\/#breadcrumb","itemListElement":[{"@type":"ListItem","position":1,"name":"Strona g\u0142\u00f3wna","item":"https:\/\/activeteam.zmm-maxpol.pl\/"},{"@type":"ListItem","position":2,"name":"Sekcje"}]},{"@type":"WebSite","@id":"https:\/\/activeteam.zmm-maxpol.pl\/#website","url":"https:\/\/activeteam.zmm-maxpol.pl\/","name":"ZMM MAXPOL ACTIVE TEAM RZESZ\u00d3W","description":"","publisher":{"@id":"https:\/\/activeteam.zmm-maxpol.pl\/#organization"},"alternateName":"ZMM MAXPOL RZESZ\u00d3W","potentialAction":[{"@type":"SearchAction","target":{"@type":"EntryPoint","urlTemplate":"https:\/\/activeteam.zmm-maxpol.pl\/?s={search_term_string}"},"query-input":{"@type":"PropertyValueSpecification","valueRequired":true,"valueName":"search_term_string"}}],"inLanguage":"en-US"},{"@type":"Organization","@id":"https:\/\/activeteam.zmm-maxpol.pl\/#organization","name":"ZMM MAXPOL ACTIVE TEAM RZESZ\u00d3W","url":"https:\/\/activeteam.zmm-maxpol.pl\/","logo":{"@type":"ImageObject","inLanguage":"en-US","@id":"https:\/\/activeteam.zmm-maxpol.pl\/#\/schema\/logo\/image\/","url":"https:\/\/activeteam.zmm-maxpol.pl\/wp-content\/uploads\/sites\/2\/2024\/11\/Logo3-1.png","contentUrl":"https:\/\/activeteam.zmm-maxpol.pl\/wp-content\/uploads\/sites\/2\/2024\/11\/Logo3-1.png","width":1000,"height":1000,"caption":"ZMM MAXPOL ACTIVE TEAM RZESZ\u00d3W"},"image":{"@id":"https:\/\/activeteam.zmm-maxpol.pl\/#\/schema\/logo\/image\/"},"sameAs":["https:\/\/www.facebook.com\/zmmmaxpol"],"description":"Firmowa dru\u017cyna ZMM MAXPOL","email":"activeteam@zmm-maxpol.pl","foundingDate":"2019-11-01","vatID":"PL5170383818","numberOfEmployees":{"@type":"QuantitativeValue","minValue":"201","maxValue":"500"}}]}},"_links":{"self":[{"href":"https:\/\/activeteam.zmm-maxpol.pl\/en\/wp-json\/wp\/v2\/pages\/4405","targetHints":{"allow":["GET"]}}],"collection":[{"href":"https:\/\/activeteam.zmm-maxpol.pl\/en\/wp-json\/wp\/v2\/pages"}],"about":[{"href":"https:\/\/activeteam.zmm-maxpol.pl\/en\/wp-json\/wp\/v2\/types\/page"}],"author":[{"embeddable":true,"href":"https:\/\/activeteam.zmm-maxpol.pl\/en\/wp-json\/wp\/v2\/users\/6"}],"replies":[{"embeddable":true,"href":"https:\/\/activeteam.zmm-maxpol.pl\/en\/wp-json\/wp\/v2\/comments?post=4405"}],"version-history":[{"count":0,"href":"https:\/\/activeteam.zmm-maxpol.pl\/en\/wp-json\/wp\/v2\/pages\/4405\/revisions"}],"wp:attachment":[{"href":"https:\/\/activeteam.zmm-maxpol.pl\/en\/wp-json\/wp\/v2\/media?parent=4405"}],"curies":[{"name":"wp","href":"https:\/\/api.w.org\/{rel}","templated":true}]}}